{"id":2,"date":"2019-04-02T10:42:24","date_gmt":"2019-04-02T08:42:24","guid":{"rendered":"http:\/\/akkorage.de\/trio2\/?page_id=2"},"modified":"2026-03-30T14:16:25","modified_gmt":"2026-03-30T12:16:25","slug":"beispiel-seite","status":"publish","type":"page","link":"https:\/\/trio.briosh.de\/","title":{"rendered":"Trio Bri\u00f3sh"},"content":{"rendered":"\n<figure class=\"wp-block-image size-large\"><img loading=\"lazy\" decoding=\"async\" width=\"1024\" height=\"801\" src=\"http:\/\/Trio.Briosh.de\/wp-content\/uploads\/2019\/05\/Fotos-Trio-28-1024x801.jpg\" alt=\"wir\" class=\"wp-image-338\" srcset=\"http:\/\/Trio.Briosh.de\/wp-content\/uploads\/2019\/05\/Fotos-Trio-28-1024x801.jpg 1024w, http:\/\/Trio.Briosh.de\/wp-content\/uploads\/2019\/05\/Fotos-Trio-28-300x235.jpg 300w, http:\/\/Trio.Briosh.de\/wp-content\/uploads\/2019\/05\/Fotos-Trio-28-768x601.jpg 768w, http:\/\/Trio.Briosh.de\/wp-content\/uploads\/2019\/05\/Fotos-Trio-28.jpg 1229w\" sizes=\"auto, (max-width: 767px) 89vw, (max-width: 1000px) 54vw, (max-width: 1071px) 543px, 580px\" \/><\/figure>\n\n\n\n<h2 class=\"wp-block-heading\">         Kein      Geb\u00e4ck und doch k\u00f6stlich &#8211; &nbsp;<strong>Trio Bri\u00f3sh<\/strong>&nbsp;  verw\u00f6hnt sie mit seinem unverwechselbaren musikantischen Klang in eigenen feinen Arrangements, hingebungsvoll gespielt und bei aller Nostalgie immer mit einem Hauch von ganz gegenw\u00e4rtigem Gl\u00fcck!&nbsp;               &nbsp;<\/h2>\n\n\n\n<h2 class=\"wp-block-heading\">Trio Bri\u00f3sh spielt Musik von Astor Piazzolla, Django Reinhardt, Giora Feidmann, Toni Murena, Nino Rota, Charlie Chaplin, Dmitri Shostakovitsch, Jean Fran\u00e7aix\u00a0und ein weites traditionelles Repertoire von Osteuropa bis Tango und Musette sowie anspielungsreiche Eigenkompositionen.\u00a0 <\/h2>\n\n\n\n<h2 class=\"wp-block-heading\"><br> <strong>&#8220; zum Gl\u00fcck, einfache Fahrt &#8222;<\/strong><br> <br> Manchmal braucht es zum Gl\u00fcck nicht mehr als eine Klarinette, ein Cello und eine Gitarre &#8211; und drei Musiker, die sich seit langem m\u00f6gen \u2026<br> <br> <br> Trio Bri\u00f3sh spielt dieses Gl\u00fcck &#8211; poetisch, verschroben, verliebt, verwegen, verschworen, wie jedes rechte Gl\u00fcck immer fl\u00fcchtig und doch nie ganz fort.\u00a0<\/h2>\n\n\n\n<h2 class=\"wp-block-heading\">Seine Tangos, Walzer, Klezmer, Filmmusiken &#8211; wo sind die eigentlich, wenn sie gerade keiner spielt?<\/h2>\n\n\n\n<p><\/p>\n\n\n\n<p><br> <br><\/p>\n\n\n\n<figure class=\"wp-block-image size-large\"><img loading=\"lazy\" decoding=\"async\" width=\"1024\" height=\"768\" src=\"http:\/\/Trio.Briosh.de\/wp-content\/uploads\/2025\/08\/2-auch-moeglich-als-neues-1024x768.jpg\" alt=\"\" class=\"wp-image-611\" srcset=\"http:\/\/Trio.Briosh.de\/wp-content\/uploads\/2025\/08\/2-auch-moeglich-als-neues-1024x768.jpg 1024w, http:\/\/Trio.Briosh.de\/wp-content\/uploads\/2025\/08\/2-auch-moeglich-als-neues-300x225.jpg 300w, http:\/\/Trio.Briosh.de\/wp-content\/uploads\/2025\/08\/2-auch-moeglich-als-neues-768x576.jpg 768w, http:\/\/Trio.Briosh.de\/wp-content\/uploads\/2025\/08\/2-auch-moeglich-als-neues-1536x1152.jpg 1536w, http:\/\/Trio.Briosh.de\/wp-content\/uploads\/2025\/08\/2-auch-moeglich-als-neues-2048x1536.jpg 2048w\" sizes=\"auto, (max-width: 767px) 89vw, (max-width: 1000px) 54vw, (max-width: 1071px) 543px, 580px\" \/><\/figure>\n","protected":false},"excerpt":{"rendered":"<p>Kein Geb\u00e4ck und doch k\u00f6stlich &#8211; &nbsp;Trio Bri\u00f3sh&nbsp; verw\u00f6hnt sie mit seinem unverwechselbaren musikantischen Klang in eigenen feinen Arrangements, hingebungsvoll gespielt und bei aller Nostalgie immer mit einem Hauch von ganz gegenw\u00e4rtigem Gl\u00fcck!&nbsp; &nbsp; Trio Bri\u00f3sh spielt Musik von Astor Piazzolla, Django Reinhardt, Giora Feidmann, Toni Murena, Nino Rota, Charlie Chaplin, Dmitri Shostakovitsch, Jean Fran\u00e7aix\u00a0und &hellip; <\/p>\n<p class=\"link-more\"><a href=\"https:\/\/trio.briosh.de\/\" class=\"more-link\"><span class=\"screen-reader-text\">\u201eTrio Bri\u00f3sh\u201c <\/span>weiterlesen<\/a><\/p>\n","protected":false},"author":1,"featured_media":0,"parent":0,"menu_order":2,"comment_status":"closed","ping_status":"open","template":"","meta":{"footnotes":""},"class_list":["post-2","page","type-page","status-publish","hentry"],"_links":{"self":[{"href":"https:\/\/trio.briosh.de\/index.php\/wp-json\/wp\/v2\/pages\/2","targetHints":{"allow":["GET"]}}],"collection":[{"href":"https:\/\/trio.briosh.de\/index.php\/wp-json\/wp\/v2\/pages"}],"about":[{"href":"https:\/\/trio.briosh.de\/index.php\/wp-json\/wp\/v2\/types\/page"}],"author":[{"embeddable":true,"href":"https:\/\/trio.briosh.de\/index.php\/wp-json\/wp\/v2\/users\/1"}],"replies":[{"embeddable":true,"href":"https:\/\/trio.briosh.de\/index.php\/wp-json\/wp\/v2\/comments?post=2"}],"version-history":[{"count":26,"href":"https:\/\/trio.briosh.de\/index.php\/wp-json\/wp\/v2\/pages\/2\/revisions"}],"predecessor-version":[{"id":676,"href":"https:\/\/trio.briosh.de\/index.php\/wp-json\/wp\/v2\/pages\/2\/revisions\/676"}],"wp:attachment":[{"href":"https:\/\/trio.briosh.de\/index.php\/wp-json\/wp\/v2\/media?parent=2"}],"curies":[{"name":"wp","href":"https:\/\/api.w.org\/{rel}","templated":true}]}}