{"id":396,"date":"2019-11-11T22:13:54","date_gmt":"2019-11-11T21:13:54","guid":{"rendered":"https:\/\/trio.briosh.de\/?page_id=396"},"modified":"2026-03-30T15:57:32","modified_gmt":"2026-03-30T13:57:32","slug":"demnaechst","status":"publish","type":"page","link":"https:\/\/trio.briosh.de\/index.php\/demnaechst\/","title":{"rendered":"Neulich"},"content":{"rendered":"\n<p><\/p>\n\n\n\n<h3 class=\"wp-block-heading\">waren wir unter anderem in<\/h3>\n\n\n\n<p>Kippenheim ehemalige Synagoge<\/p>\n\n\n\n<figure class=\"wp-block-image is-resized\"><img loading=\"lazy\" decoding=\"async\" width=\"1024\" height=\"682\" src=\"http:\/\/Trio.Briosh.de\/wp-content\/uploads\/2020\/01\/DSC1302-kippenheim-okt-2019-foto-by-georg-heer-1-1-1024x682.jpeg\" alt=\"\" class=\"wp-image-503\" style=\"width:309px;height:206px\" srcset=\"http:\/\/Trio.Briosh.de\/wp-content\/uploads\/2020\/01\/DSC1302-kippenheim-okt-2019-foto-by-georg-heer-1-1-1024x682.jpeg 1024w, http:\/\/Trio.Briosh.de\/wp-content\/uploads\/2020\/01\/DSC1302-kippenheim-okt-2019-foto-by-georg-heer-1-1-300x200.jpeg 300w, http:\/\/Trio.Briosh.de\/wp-content\/uploads\/2020\/01\/DSC1302-kippenheim-okt-2019-foto-by-georg-heer-1-1-768x512.jpeg 768w, http:\/\/Trio.Briosh.de\/wp-content\/uploads\/2020\/01\/DSC1302-kippenheim-okt-2019-foto-by-georg-heer-1-1.jpeg 1280w\" sizes=\"auto, (max-width: 767px) 89vw, (max-width: 1000px) 54vw, (max-width: 1071px) 543px, 580px\" \/><\/figure>\n\n\n\n<p>Freiburg Vauban Haus 37<\/p>\n\n\n\n<p>Freiburg Diva<\/p>\n\n\n\n<p>Freiburg Atelier 4e<\/p>\n\n\n\n<p>Badenweiler Kunstpalais<\/p>\n\n\n\n<p>M\u00fcllheim Genusslauf<\/p>\n\n\n\n<p>Waldkirch Georg Scholz Haus<\/p>\n\n\n\n<p>Arlesheim<\/p>\n\n\n\n<p>T\u00f6pferei Georg Hach<\/p>\n\n\n\n<p>M\u00fcllheim Frickm\u00fchle<\/p>\n\n\n\n<p>Niederweiler Warteck<\/p>\n\n\n\n<p>Sulzburg Naturbad<\/p>\n\n\n\n<p>Freiburg Arch\u00e4ologische Sammlung<\/p>\n\n\n\n<p>M\u00fcllheim Markgr\u00e4fler Museum<\/p>\n\n\n\n<p>Riehen Neujahrskonzert<\/p>\n\n\n\n<figure class=\"wp-block-image size-large is-resized\"><img loading=\"lazy\" decoding=\"async\" width=\"724\" height=\"1024\" src=\"http:\/\/Trio.Briosh.de\/wp-content\/uploads\/2020\/07\/Plakat-31.7.20-Trio-Briosh-A5-724x1024.jpg\" alt=\"\" class=\"wp-image-575\" style=\"aspect-ratio:0.7070300950264793;width:272px;height:auto\" srcset=\"http:\/\/Trio.Briosh.de\/wp-content\/uploads\/2020\/07\/Plakat-31.7.20-Trio-Briosh-A5-724x1024.jpg 724w, http:\/\/Trio.Briosh.de\/wp-content\/uploads\/2020\/07\/Plakat-31.7.20-Trio-Briosh-A5-212x300.jpg 212w, http:\/\/Trio.Briosh.de\/wp-content\/uploads\/2020\/07\/Plakat-31.7.20-Trio-Briosh-A5-768x1086.jpg 768w, http:\/\/Trio.Briosh.de\/wp-content\/uploads\/2020\/07\/Plakat-31.7.20-Trio-Briosh-A5-1086x1536.jpg 1086w, http:\/\/Trio.Briosh.de\/wp-content\/uploads\/2020\/07\/Plakat-31.7.20-Trio-Briosh-A5.jpg 1240w\" sizes=\"auto, (max-width: 724px) 100vw, 724px\" \/><\/figure>\n\n\n\n<p><\/p>\n\n\n\n<p><\/p>\n\n\n\n<h2 class=\"wp-block-heading\"><\/h2>\n\n\n<p><!--EndFragment--><\/p>\n\n\n<figure class=\"wp-block-image is-resized\"><img loading=\"lazy\" decoding=\"async\" width=\"298\" height=\"595\" src=\"http:\/\/Trio.Briosh.de\/wp-content\/uploads\/2019\/11\/7-dez-2019-kultig-muellheim.jpg\" alt=\"\" class=\"wp-image-395\" style=\"width:265px;height:auto\" srcset=\"http:\/\/Trio.Briosh.de\/wp-content\/uploads\/2019\/11\/7-dez-2019-kultig-muellheim.jpg 298w, http:\/\/Trio.Briosh.de\/wp-content\/uploads\/2019\/11\/7-dez-2019-kultig-muellheim-150x300.jpg 150w\" sizes=\"auto, (max-width: 298px) 100vw, 298px\" \/><\/figure>\n\n\n\n<figure class=\"wp-block-image is-resized\"><img loading=\"lazy\" decoding=\"async\" width=\"298\" height=\"595\" src=\"http:\/\/Trio.Briosh.de\/wp-content\/uploads\/2019\/11\/7-dez-2019-kultig-muellheim-.jpg\" alt=\"\" class=\"wp-image-394\" style=\"width:263px;height:auto\" srcset=\"http:\/\/Trio.Briosh.de\/wp-content\/uploads\/2019\/11\/7-dez-2019-kultig-muellheim-.jpg 298w, http:\/\/Trio.Briosh.de\/wp-content\/uploads\/2019\/11\/7-dez-2019-kultig-muellheim--150x300.jpg 150w\" sizes=\"auto, (max-width: 298px) 100vw, 298px\" \/><\/figure>\n","protected":false},"excerpt":{"rendered":"<p>waren wir unter anderem in Kippenheim ehemalige Synagoge Freiburg Vauban Haus 37 Freiburg Diva Freiburg Atelier 4e Badenweiler Kunstpalais M\u00fcllheim Genusslauf Waldkirch Georg Scholz Haus Arlesheim T\u00f6pferei Georg Hach M\u00fcllheim Frickm\u00fchle Niederweiler Warteck Sulzburg Naturbad Freiburg Arch\u00e4ologische Sammlung M\u00fcllheim Markgr\u00e4fler Museum Riehen Neujahrskonzert<\/p>\n","protected":false},"author":1,"featured_media":0,"parent":0,"menu_order":0,"comment_status":"closed","ping_status":"closed","template":"","meta":{"footnotes":""},"class_list":["post-396","page","type-page","status-publish","hentry"],"_links":{"self":[{"href":"https:\/\/trio.briosh.de\/index.php\/wp-json\/wp\/v2\/pages\/396","targetHints":{"allow":["GET"]}}],"collection":[{"href":"https:\/\/trio.briosh.de\/index.php\/wp-json\/wp\/v2\/pages"}],"about":[{"href":"https:\/\/trio.briosh.de\/index.php\/wp-json\/wp\/v2\/types\/page"}],"author":[{"embeddable":true,"href":"https:\/\/trio.briosh.de\/index.php\/wp-json\/wp\/v2\/users\/1"}],"replies":[{"embeddable":true,"href":"https:\/\/trio.briosh.de\/index.php\/wp-json\/wp\/v2\/comments?post=396"}],"version-history":[{"count":15,"href":"https:\/\/trio.briosh.de\/index.php\/wp-json\/wp\/v2\/pages\/396\/revisions"}],"predecessor-version":[{"id":670,"href":"https:\/\/trio.briosh.de\/index.php\/wp-json\/wp\/v2\/pages\/396\/revisions\/670"}],"wp:attachment":[{"href":"https:\/\/trio.briosh.de\/index.php\/wp-json\/wp\/v2\/media?parent=396"}],"curies":[{"name":"wp","href":"https:\/\/api.w.org\/{rel}","templated":true}]}}