{"id":543,"date":"2020-01-29T22:52:43","date_gmt":"2020-01-29T21:52:43","guid":{"rendered":"https:\/\/trio.briosh.de\/?page_id=543"},"modified":"2026-03-30T16:01:12","modified_gmt":"2026-03-30T14:01:12","slug":"ueber-uns-2","status":"publish","type":"page","link":"https:\/\/trio.briosh.de\/index.php\/ueber-uns-2\/","title":{"rendered":"\u00dcber uns"},"content":{"rendered":"\n<p><strong>Genevi\u00e8ve M\u00e9gier<\/strong><br><\/p>\n\n\n\n<figure class=\"wp-block-image size-full\"><img loading=\"lazy\" decoding=\"async\" width=\"295\" height=\"886\" src=\"http:\/\/Trio.Briosh.de\/wp-content\/uploads\/2019\/04\/Gen.jpg\" alt=\"\" class=\"wp-image-74\" srcset=\"http:\/\/Trio.Briosh.de\/wp-content\/uploads\/2019\/04\/Gen.jpg 295w, http:\/\/Trio.Briosh.de\/wp-content\/uploads\/2019\/04\/Gen-100x300.jpg 100w\" sizes=\"auto, (max-width: 295px) 100vw, 295px\" \/><\/figure>\n\n\n\n<p>ist in der Schweiz geboren, in Italien aufgewachsen und hat in Frankreich studiert. Das Cello war immer dabei \u2013 <br>die konstanteste Heimat vielleicht. <\/p>\n\n\n\n<p>Bevor ich beschloss Musikerin zu werden musste ich andere Wege \nbeschreiten: als Dipl. Ingenieurin und Keramikerin. Auch hierbei war das\n Cello immer an meiner Seite, sogar bis nach Indien, wo \nIngenieurstudenten Bachsuiten lauschen mussten. <\/p>\n\n\n\n<p>In  Mittelfrankreich in einem T\u00f6pferdorf gewann schliesslich das Musizieren  \u00dcberhand und m\u00fcndete in einem Studium der Musik in Basel.<br><\/p>\n\n\n\n<p><strong>J\u00fcrgen Mayer <\/strong><\/p>\n\n\n\n<div class=\"wp-block-media-text alignwide\"><figure class=\"wp-block-media-text__media\"><img loading=\"lazy\" decoding=\"async\" width=\"295\" height=\"886\" src=\"https:\/\/trio.briosh.de\/wp-content\/uploads\/2019\/04\/juergen.jpg\" alt=\"\" class=\"wp-image-99 size-full\" srcset=\"http:\/\/Trio.Briosh.de\/wp-content\/uploads\/2019\/04\/juergen.jpg 295w, http:\/\/Trio.Briosh.de\/wp-content\/uploads\/2019\/04\/juergen-100x300.jpg 100w\" sizes=\"auto, (max-width: 295px) 100vw, 295px\" \/><\/figure><div class=\"wp-block-media-text__content\">\n<p class=\"has-large-font-size\"><\/p>\n<\/div><\/div>\n\n\n\n<p><br>Erst  nach dem Studium der klassischen   Gitarre und vielen Wanderjahren als  Musiker beim Zelttheater  \u201eComoedia mundi\u201c, entdeckte ich, dass ich doch  lieber Klarinette&nbsp;  spiele und mich von Genevi\u00e8ve und Wolfgang begleiten  lasse, mit der  Klarinette Lieder singe und Geschichten im 3+4 viertel  Takt erz\u00e4hle.  <\/p>\n\n\n\n<p><strong>Wolfgang&nbsp; Hillemann&nbsp;<\/strong><\/p>\n\n\n\n<div class=\"wp-block-media-text alignwide\"><figure class=\"wp-block-media-text__media\"><img loading=\"lazy\" decoding=\"async\" width=\"295\" height=\"886\" src=\"https:\/\/trio.briosh.de\/wp-content\/uploads\/2019\/04\/wol2.jpg\" alt=\"\" class=\"wp-image-133 size-full\" srcset=\"http:\/\/Trio.Briosh.de\/wp-content\/uploads\/2019\/04\/wol2.jpg 295w, http:\/\/Trio.Briosh.de\/wp-content\/uploads\/2019\/04\/wol2-100x300.jpg 100w\" sizes=\"auto, (max-width: 295px) 100vw, 295px\" \/><\/figure><div class=\"wp-block-media-text__content\">\n<p class=\"has-large-font-size\"><\/p>\n<\/div><\/div>\n\n\n\n<p><br>hat zun\u00e4chst ganz klassisch Gitarre studiert.&nbsp;<br>Seither      habe ich vieles gesehen, geh\u00f6rt und dazugelernt \u2013 und bin mehr denn    je   begeistert von der&nbsp;Vielseitigkeit, Feinheit und dem Feuer meines      Instruments, ob nun allein oder noch mehr bei all den Liedern,  T\u00e4nzen     und Geschichten im Trio Bri\u00f3sh!    <\/p>\n","protected":false},"excerpt":{"rendered":"<p>Genevi\u00e8ve M\u00e9gier ist in der Schweiz geboren, in Italien aufgewachsen und hat in Frankreich studiert. Das Cello war immer dabei \u2013 die konstanteste Heimat vielleicht. Bevor ich beschloss Musikerin zu werden musste ich andere Wege beschreiten: als Dipl. Ingenieurin und Keramikerin. Auch hierbei war das Cello immer an meiner Seite, sogar bis nach Indien, wo &hellip; <\/p>\n<p class=\"link-more\"><a href=\"https:\/\/trio.briosh.de\/index.php\/ueber-uns-2\/\" class=\"more-link\"><span class=\"screen-reader-text\">\u201e\u00dcber uns\u201c <\/span>weiterlesen<\/a><\/p>\n","protected":false},"author":1,"featured_media":0,"parent":0,"menu_order":0,"comment_status":"closed","ping_status":"closed","template":"","meta":{"footnotes":""},"class_list":["post-543","page","type-page","status-publish","hentry"],"_links":{"self":[{"href":"https:\/\/trio.briosh.de\/index.php\/wp-json\/wp\/v2\/pages\/543","targetHints":{"allow":["GET"]}}],"collection":[{"href":"https:\/\/trio.briosh.de\/index.php\/wp-json\/wp\/v2\/pages"}],"about":[{"href":"https:\/\/trio.briosh.de\/index.php\/wp-json\/wp\/v2\/types\/page"}],"author":[{"embeddable":true,"href":"https:\/\/trio.briosh.de\/index.php\/wp-json\/wp\/v2\/users\/1"}],"replies":[{"embeddable":true,"href":"https:\/\/trio.briosh.de\/index.php\/wp-json\/wp\/v2\/comments?post=543"}],"version-history":[{"count":7,"href":"https:\/\/trio.briosh.de\/index.php\/wp-json\/wp\/v2\/pages\/543\/revisions"}],"predecessor-version":[{"id":672,"href":"https:\/\/trio.briosh.de\/index.php\/wp-json\/wp\/v2\/pages\/543\/revisions\/672"}],"wp:attachment":[{"href":"https:\/\/trio.briosh.de\/index.php\/wp-json\/wp\/v2\/media?parent=543"}],"curies":[{"name":"wp","href":"https:\/\/api.w.org\/{rel}","templated":true}]}}