{"id":579,"date":"2019-04-02T12:45:32","date_gmt":"2019-04-02T10:45:32","guid":{"rendered":"http:\/\/akkorage.de\/trio2\/?page_id=47"},"modified":"2019-04-02T12:45:32","modified_gmt":"2019-04-02T10:45:32","slug":"impressum-2","status":"publish","type":"page","link":"https:\/\/trio.briosh.de\/index.php\/impressum-2\/","title":{"rendered":"Impressum \/ Datenschutz"},"content":{"rendered":"<p><!--StartFragment--><\/p>\n\n\n<p style=\"text-align:left\">Verantwortliche im Sinne <\/p>\n\n\n\n<p>der Datenschutzgesetze sind :<\/p>\n\n\n\n<p><strong> <\/strong><a href=\"https:\/\/trio.briosh.de\">https:\/\/trio.briosh.de<\/a><\/p>\n\n\n\n<h2 class=\"wp-block-heading\"><\/h2>\n\n\n\n<p>Kontakt \u00fcber <strong><a href=\"mailto: trio@briosh.de\">trio@briosh.de<\/a><\/strong><\/p>\n\n\n\n<p>J\u00fcrgen Mayer &#8211; Vaubanall\u00e9e 8 &#8211; 79100 Freiburg<\/p>\n\n\n\n<pre class=\"wp-block-preformatted\"><s>Wer im Besitz g\u00fcltiger ausreichender Briefmarken ist <\/s>\n<s>darf uns auch gerne schreiben <\/s><\/pre>\n\n\n\n<p><\/p>\n\n\n<p><\/p>\n\n\n<h4 class=\"wp-block-heading\">Haftungsbeschr\u00e4nkung<\/h4>\n\n\n\n<p>Die Inhalte dieser Website werden mit gr\u00f6\u00dftm\u00f6glicher Sorgfalt \nerstellt. Der Anbieter \u00fcbernimmt jedoch keine Gew\u00e4hr f\u00fcr die \nRichtigkeit, Vollst\u00e4ndigkeit und Aktualit\u00e4t der bereitgestellten \nInhalte. Die Nutzung der Inhalte der Website erfolgt auf eigene Gefahr \ndes Nutzers. Namentlich gekennzeichnete Beitr\u00e4ge geben die Meinung des \njeweiligen Autors und nicht immer die Meinung des Anbieters wieder. Mit \nder reinen Nutzung der Website des Anbieters kommt keinerlei \nVertragsverh\u00e4ltnis zwischen dem Nutzer und dem Anbieter zustande.<\/p>\n\n\n\n<h4 class=\"wp-block-heading\">Externe Links<\/h4>\n\n\n\n<p>Diese Website enth\u00e4lt Verkn\u00fcpfungen zu Websites Dritter (&#8222;externe \nLinks&#8220;). Diese Websites unterliegen der Haftung der jeweiligen \nBetreiber. Der Anbieter hat bei der erstmaligen Verkn\u00fcpfung der externen\n Links die fremden Inhalte daraufhin \u00fcberpr\u00fcft, ob etwaige \nRechtsverst\u00f6\u00dfe bestehen. Zu dem Zeitpunkt waren keine Rechtsverst\u00f6\u00dfe \nersichtlich. Der Anbieter hat keinerlei Einfluss auf die aktuelle und \nzuk\u00fcnftige Gestaltung und auf die Inhalte der verkn\u00fcpften Seiten. Das \nSetzen von externen Links bedeutet nicht, dass sich der Anbieter die \nhinter dem Verweis oder Link liegenden Inhalte zu Eigen macht. Eine \nst\u00e4ndige Kontrolle dieser externen Links ist f\u00fcr den Anbieter ohne \nkonkrete Hinweise auf Rechtsverst\u00f6\u00dfe nicht zumutbar. Bei Kenntnis von \nRechtsverst\u00f6\u00dfen werden jedoch derartige externe Links unverz\u00fcglich \ngel\u00f6scht.<\/p>\n\n\n\n<h4 class=\"wp-block-heading\">Urheber- und Leistungsschutzrechte<\/h4>\n\n\n\n<p>Die auf dieser Website ver\u00f6ffentlichten Inhalte unterliegen dem \ndeutschen Urheber- und Leistungsschutzrecht. Jede vom deutschen Urheber-\n und Leistungsschutzrecht nicht zugelassene Verwertung bedarf der \nvorherigen schriftlichen Zustimmung des Anbieters oder jeweiligen \nRechteinhabers. Dies gilt insbesondere f\u00fcr Vervielf\u00e4ltigung, \nBearbeitung, \u00dcbersetzung, Einspeicherung, Verarbeitung bzw. Wiedergabe \nvon Inhalten in Datenbanken oder anderen elektronischen Medien und \nSystemen. Inhalte und Rechte Dritter sind dabei als solche \ngekennzeichnet. Die unerlaubte Vervielf\u00e4ltigung oder Weitergabe \neinzelner Inhalte oder kompletter Seiten ist nicht gestattet und \nstrafbar. Lediglich die Herstellung von Kopien und Downloads f\u00fcr den \npers\u00f6nlichen, privaten und nicht kommerziellen Gebrauch ist erlaubt.<\/p>\n\n\n\n<p>Die Darstellung dieser Website in fremden Frames ist nur mit schriftlicher Erlaubnis zul\u00e4ssig.<\/p>\n\n\n\n<h3 class=\"wp-block-heading\"><\/h3>\n\n\n<p><!--StartFragment--><\/p>\n\n\n<h4 class=\"wp-block-heading\">Datenerhebung und &#8211; speicherung<\/h4>\n\n\n\n<p>Jeder Webserver registriert automatisch Zugriffe auf die Websites. \nBeim Besuch der Seite speichert der Webserver unseres Hosters zur \nErhaltung der Systemsicherheit die IP-Adresse der Besucher sowie Datum \ndes Zugriffs, die URL, Inhalte auf die zugegriffen wurde sowie die \nw\u00e4hrend der Verbindung \u00fcbertragenen Informationen. Diese Informationen \nbleiben f\u00fcr uns anonym. Ein R\u00fcckschluss auf eine Person ist somit nicht \nm\u00f6glich. Weitergehende personenbezogene Daten werden nur erfasst, sofern\n der Benutzer freiwillig, beispielsweise im Rahmen einer Registrierung \noder Bestellung, diese angegeben hat. Soweit uns personenbezogene Daten \nzur Verf\u00fcgung gestellt wurden, verwenden wir diese nur zur Beantwortung \nvon Anfragen, zur Abwicklung von Bestellungen und f\u00fcr die technische \nAdministration. Personenbezogene Daten werden nicht an Dritte \nweitergegeben. Es sei denn, dass wir dazu in Folge zwingender \ngesetzlicher Vorschriften verpflichtet sind. Auf unserer Seite k\u00f6nnen \nsich Links zu anderen Websites befinden. Wir haben keinen Einfluss auf \ndie Datenschutzbestimmungen anderer Betreiber.<\/p>\n\n\n\n<h4 class=\"wp-block-heading\">Cookies<\/h4>\n\n\n\n<p>Jeder Browser speichert bei dem Besuch einer Seite sogenannte  Cookies. Cookies sind Dateien, die einen Besuch unserer Seite  benutzerfreundlicher gestalten sollen. Sollten Sie das nicht w\u00fcnschen,  k\u00f6nnen Sie dies in den Einstellungen Ihres Browsers ausschalten.<\/p>\n\n\n\n<h4 class=\"wp-block-heading\">Google Analytics<\/h4>\n\n\n\n<p>Diese Website benutzt Google Analytics, einen Webanalysedienst der \nGoogle Inc. (\u201eGoogle\u201c). Google Analytics verwendet sog. \u201eCookies\u201c, \nTextdateien, die auf Ihrem Computer gespeichert werden und die eine \nAnalyse der Benutzung der Website durch Sie erm\u00f6glichen. Die durch den \nCookie erzeugten Informationen \u00fcber Ihre Benutzung dieser Website \n(einschlie\u00dflich Ihrer IP-Adresse) werden an einen Server von Google in \nden USA \u00fcbertragen und dort gespeichert. Google wird diese Informationen\n benutzen, um Ihre Nutzung der Website auszuwerten, um Reports \u00fcber die \nWebsite-Aktivit\u00e4ten f\u00fcr die Website-Betreiber zusammenzustellen und um \nweitere mit der Website-Nutzung und der Internet-Nutzung verbundene \nDienstleistungen zu erbringen. Auch wird Google diese Informationen \ngegebenenfalls an Dritte \u00fcbertragen, sofern dies gesetzlich \nvorgeschrieben ist oder soweit Dritte diese Daten im Auftrag von Google \nverarbeiten. Google wird in keinem Fall Ihre IP-Adresse mit anderen \nDaten von Google in Verbindung bringen. Sie k\u00f6nnen die Installation der \nCookies durch eine entsprechende Einstellung Ihrer Browser-Software \nverhindern; wir weisen Sie jedoch darauf hin, dass Sie in diesem Fall \ngegebenenfalls nicht s\u00e4mtliche Funktionen dieser Website vollumf\u00e4nglich \nnutzen k\u00f6nnen. Durch die Nutzung dieser Website erkl\u00e4ren Sie sich mit \nder Bearbeitung der \u00fcber Sie erhobenen Daten durch Google in der zuvor \nbeschriebenen Art und Weise und zu dem zuvor benannten Zweck \neinverstanden.<\/p>\n\n\n\n<p>Mehr Informationen zur von Google eingesetzten Technologie finden Sie unter <a href=\"http:\/\/www.google.com\/analytics\" target=\"_blank\" rel=\"noreferrer noopener\">http:\/\/www.google.com\/analytics<\/a>.<\/p>\n\n\n\n<p>Quelle:&nbsp; <a href=\"http:\/\/www.Juraforum.de\" target=\"_blank\" rel=\"noreferrer noopener\">www.Juraforum.de<\/a> \u2013 Rechtportal mit Anwaltssuche<\/p>\n\n\n<p><!--EndFragment--><\/p>\n\n\n<p><\/p>\n","protected":false},"excerpt":{"rendered":"<p>Verantwortliche im Sinne der Datenschutzgesetze sind : https:\/\/trio.briosh.de Kontakt \u00fcber trio@briosh.de J\u00fcrgen Mayer &#8211; Vaubanall\u00e9e 8 &#8211; 79100 Freiburg Wer im Besitz g\u00fcltiger ausreichender Briefmarken ist darf uns auch gerne schreiben Haftungsbeschr\u00e4nkung Die Inhalte dieser Website werden mit gr\u00f6\u00dftm\u00f6glicher Sorgfalt erstellt. Der Anbieter \u00fcbernimmt jedoch keine Gew\u00e4hr f\u00fcr die Richtigkeit, Vollst\u00e4ndigkeit und Aktualit\u00e4t der bereitgestellten &hellip; <\/p>\n<p class=\"link-more\"><a href=\"https:\/\/trio.briosh.de\/index.php\/impressum-2\/\" class=\"more-link\"><span class=\"screen-reader-text\">\u201eImpressum \/ Datenschutz\u201c <\/span>weiterlesen<\/a><\/p>\n","protected":false},"author":1,"featured_media":0,"parent":0,"menu_order":4,"comment_status":"closed","ping_status":"closed","template":"","meta":{"footnotes":""},"class_list":["post-579","page","type-page","status-publish","hentry"],"_links":{"self":[{"href":"https:\/\/trio.briosh.de\/index.php\/wp-json\/wp\/v2\/pages\/579","targetHints":{"allow":["GET"]}}],"collection":[{"href":"https:\/\/trio.briosh.de\/index.php\/wp-json\/wp\/v2\/pages"}],"about":[{"href":"https:\/\/trio.briosh.de\/index.php\/wp-json\/wp\/v2\/types\/page"}],"author":[{"embeddable":true,"href":"https:\/\/trio.briosh.de\/index.php\/wp-json\/wp\/v2\/users\/1"}],"replies":[{"embeddable":true,"href":"https:\/\/trio.briosh.de\/index.php\/wp-json\/wp\/v2\/comments?post=579"}],"version-history":[{"count":0,"href":"https:\/\/trio.briosh.de\/index.php\/wp-json\/wp\/v2\/pages\/579\/revisions"}],"wp:attachment":[{"href":"https:\/\/trio.briosh.de\/index.php\/wp-json\/wp\/v2\/media?parent=579"}],"curies":[{"name":"wp","href":"https:\/\/api.w.org\/{rel}","templated":true}]}}